{"id":591,"date":"2022-06-17T12:07:31","date_gmt":"2022-06-17T12:07:31","guid":{"rendered":"https:\/\/ipbud.pl\/?page_id=591"},"modified":"2023-12-14T08:26:52","modified_gmt":"2023-12-14T08:26:52","slug":"szkolenia-dla-deweloperow","status":"publish","type":"page","link":"https:\/\/ipbud.pl\/?page_id=591","title":{"rendered":"Szkolenia &#8211; dla deweloper\u00f3w"},"content":{"rendered":"<p>[et_pb_section fb_built=&#8221;1&#8243; fullwidth=&#8221;on&#8221; _builder_version=&#8221;4.17.4&#8243; _module_preset=&#8221;default&#8221; background_color=&#8221;#2ea3f2&#8243; use_background_color_gradient=&#8221;on&#8221; background_color_gradient_direction=&#8221;330deg&#8221; background_color_gradient_stops=&#8221;#ee3954 0%|#fdde67 99%&#8221; background_color_gradient_start=&#8221;#2ea3f2&#8243; background_color_gradient_end=&#8221;#2e6df4&#8243; global_colors_info=&#8221;{}&#8221;][et_pb_fullwidth_header title=&#8221;Dla Deweloper\u00f3w&#8221; content_max_width=&#8221;none&#8221; _builder_version=&#8221;4.17.4&#8243; _module_preset=&#8221;default&#8221; title_font=&#8221;|||on|||||&#8221; title_font_size=&#8221;40px&#8221; subhead_font_size=&#8221;20px&#8221; background_color=&#8221;rgba(255, 255, 255, 0)&#8221; custom_padding=&#8221;29px||23px|||&#8221; custom_padding_tablet=&#8221;20px||18px||false|false&#8221; custom_padding_phone=&#8221;10px||8px||false|false&#8221; custom_padding_last_edited=&#8221;on|tablet&#8221; title_font_size_tablet=&#8221;36px&#8221; title_font_size_phone=&#8221;34px&#8221; title_font_size_last_edited=&#8221;on|tablet&#8221; subhead_font_size_tablet=&#8221;18px&#8221; subhead_font_size_phone=&#8221;16px&#8221; subhead_font_size_last_edited=&#8221;on|tablet&#8221; global_colors_info=&#8221;{}&#8221; button_one_text_size__hover_enabled=&#8221;off&#8221; button_two_text_size__hover_enabled=&#8221;off&#8221; button_one_text_color__hover_enabled=&#8221;off&#8221; button_two_text_color__hover_enabled=&#8221;off&#8221; button_one_border_width__hover_enabled=&#8221;off&#8221; button_two_border_width__hover_enabled=&#8221;off&#8221; button_one_border_color__hover_enabled=&#8221;off&#8221; button_two_border_color__hover_enabled=&#8221;off&#8221; button_one_border_radius__hover_enabled=&#8221;off&#8221; button_two_border_radius__hover_enabled=&#8221;off&#8221; button_one_letter_spacing__hover_enabled=&#8221;off&#8221; button_two_letter_spacing__hover_enabled=&#8221;off&#8221; button_one_bg_color__hover_enabled=&#8221;off&#8221; button_two_bg_color__hover_enabled=&#8221;off&#8221;][\/et_pb_fullwidth_header][\/et_pb_section][et_pb_section fb_built=&#8221;1&#8243; admin_label=&#8221;Babbysitters&#8221; _builder_version=&#8221;4.17.4&#8243; _module_preset=&#8221;default&#8221; background_color=&#8221;#FFFBEB&#8221; custom_margin=&#8221;|||&#8221; custom_padding=&#8221;9px||44px|||&#8221; global_colors_info=&#8221;{}&#8221;][et_pb_row column_structure=&#8221;2_3,1_3&#8243; _builder_version=&#8221;4.17.4&#8243; _module_preset=&#8221;default&#8221; global_colors_info=&#8221;{}&#8221;][et_pb_column type=&#8221;2_3&#8243; _builder_version=&#8221;4.17.4&#8243; _module_preset=&#8221;default&#8221; border_radii=&#8221;on|20px|20px|20px|20px&#8221; box_shadow_style=&#8221;preset1&#8243; global_colors_info=&#8221;{}&#8221;][et_pb_text _builder_version=&#8221;4.19.4&#8243; _module_preset=&#8221;default&#8221; background_color=&#8221;#FFFBEB&#8221; width=&#8221;100%&#8221; max_width=&#8221;100%&#8221; height=&#8221;350px&#8221; height_tablet=&#8221;350px&#8221; height_phone=&#8221;350px&#8221; height_last_edited=&#8221;on|tablet&#8221; custom_margin=&#8221;25px||25px||true|false&#8221; custom_padding=&#8221;|6%||6%|false|false&#8221; custom_padding_tablet=&#8221;3%|3%|3%|3%|false|false&#8221; custom_padding_phone=&#8221;6%|6%|6%|6%|false|true&#8221; custom_padding_last_edited=&#8221;on|phone&#8221; border_radii=&#8221;on|20px|20px|20px|20px&#8221; global_colors_info=&#8221;{}&#8221;]<\/p>\n<h3><b>Na szkoleniu:<\/b><\/h3>\n<ul>\n<li style=\"font-weight: 400;\" aria-level=\"1\"><span style=\"font-weight: 400;\">U nas dowiesz si\u0119, co zrobi\u0107, aby Twoje nieruchomo\u015bci wyr\u00f3\u017cnia\u0142y si\u0119 na tle konkurencji<\/span><\/li>\n<li style=\"font-weight: 400;\" aria-level=\"1\"><span style=\"font-weight: 400;\">Zapoznasz si\u0119 ze wszystkimi innowacjami, kt\u00f3re mo\u017cesz wprowadzi\u0107 w budowanych przez siebie inwestycjach<\/span><\/li>\n<li style=\"font-weight: 400;\" aria-level=\"1\"><span style=\"font-weight: 400;\">Pozyskasz mo\u017cliwo\u015b\u0107 wsp\u00f3\u0142pracy z rzetelnym i sprawdzonym wykonawc\u0105<\/span><\/li>\n<li style=\"font-weight: 400;\" aria-level=\"1\"><span style=\"font-weight: 400;\">Poznasz pe\u0142en wachlarz mo\u017cliwo\u015bci \u0142\u0105cznie z wycenami, aby\u015b m\u00f3g\u0142 dopasowa\u0107 je do siebie<\/span><\/li>\n<li style=\"font-weight: 400;\" aria-level=\"1\"><span style=\"font-weight: 400;\">Dostaniesz rzeteln\u0105 i przydatn\u0105 wiedz\u0119<\/span><\/li>\n<li style=\"font-weight: 400;\" aria-level=\"1\"><span style=\"font-weight: 400;\">Uzyskasz konkretne odpowiedzi na Twoje pytania<\/span><\/li>\n<li style=\"font-weight: 400;\" aria-level=\"1\"><span style=\"font-weight: 400;\">Zapewniamy indywidualne podej\u015bcie i komfortow\u0105 atmosfer\u0119 w trakcie szkolenia<\/span><\/li>\n<\/ul>\n<p>Zapraszamy do kontaktu w celu zapis\u00f3w lub uzyskania informacji.<br \/>Mo\u017cliwe jest r\u00f3wnie\u017c umawianie indywidualnych termin\u00f3w szkole\u0144.<\/p>\n<p>[\/et_pb_text][\/et_pb_column][et_pb_column type=&#8221;1_3&#8243; _builder_version=&#8221;4.17.4&#8243; _module_preset=&#8221;default&#8221; global_colors_info=&#8221;{}&#8221;][et_pb_text _builder_version=&#8221;4.22.0&#8243; _module_preset=&#8221;default&#8221; background_color=&#8221;#FFFBEB&#8221; background_image=&#8221;https:\/\/ipbud.pl\/wp-content\/uploads\/2023\/08\/real-estate-6688945_1280.jpg&#8221; background_position=&#8221;top_center&#8221; width=&#8221;100%&#8221; max_width=&#8221;100%&#8221; height=&#8221;400px&#8221; custom_padding=&#8221;6%|6%|6%|6%|false|false&#8221; custom_padding_tablet=&#8221;3%|3%|3%|3%|false|false&#8221; custom_padding_phone=&#8221;3%|3%|3%|3%|false|false&#8221; custom_padding_last_edited=&#8221;on|tablet&#8221; border_radii=&#8221;on|20px|20px|20px|20px&#8221; box_shadow_style=&#8221;preset1&#8243; global_colors_info=&#8221;{}&#8221;][\/et_pb_text][\/et_pb_column][\/et_pb_row][\/et_pb_section][et_pb_section fb_built=&#8221;1&#8243; fullwidth=&#8221;on&#8221; _builder_version=&#8221;4.17.4&#8243; _module_preset=&#8221;default&#8221; global_colors_info=&#8221;{}&#8221;][et_pb_fullwidth_header _builder_version=&#8221;4.17.4&#8243; _module_preset=&#8221;default&#8221; content_font_size=&#8221;20px&#8221; background_color=&#8221;#f9aa59&#8243; custom_padding=&#8221;17px||12px|||&#8221; global_colors_info=&#8221;{}&#8221;]<\/p>\n<p>Najbli\u017csze terminy szkole\u0144:<\/p>\n<p>[\/et_pb_fullwidth_header][\/et_pb_section][et_pb_section fb_built=&#8221;1&#8243; _builder_version=&#8221;4.17.4&#8243; _module_preset=&#8221;default&#8221; background_color=&#8221;#FFFBEB&#8221; custom_margin=&#8221;|||&#8221; custom_padding=&#8221;9px||14px|||&#8221; global_colors_info=&#8221;{}&#8221;][et_pb_row column_structure=&#8221;2_5,3_5&#8243; _builder_version=&#8221;4.17.4&#8243; _module_preset=&#8221;default&#8221; global_colors_info=&#8221;{}&#8221;][et_pb_column type=&#8221;2_5&#8243; _builder_version=&#8221;4.17.4&#8243; _module_preset=&#8221;default&#8221; border_radii=&#8221;on|20px|20px|20px|20px&#8221; box_shadow_style=&#8221;preset1&#8243; global_colors_info=&#8221;{}&#8221;][et_pb_text _builder_version=&#8221;4.22.2&#8243; _module_preset=&#8221;default&#8221; background_color=&#8221;#FFFBEB&#8221; width=&#8221;100%&#8221; max_width=&#8221;100%&#8221; custom_margin=&#8221;6%||6%||true|false&#8221; custom_padding=&#8221;|6%||6%|false|false&#8221; custom_padding_tablet=&#8221;3%|3%|3%|3%|false|false&#8221; custom_padding_phone=&#8221;6%|6%|6%|6%|false|true&#8221; custom_padding_last_edited=&#8221;on|phone&#8221; border_radii=&#8221;on|20px|20px|20px|20px&#8221; global_colors_info=&#8221;{}&#8221;]<\/p>\n<ul>\n<li style=\"font-weight: 400;\" aria-level=\"1\"><span style=\"font-size: 14px;\">15 grudnia<\/span><\/li>\n<li style=\"font-weight: 400;\" aria-level=\"1\"><span style=\"font-weight: 400;\">22 grudnia<\/span><span style=\"font-weight: 400;\"><\/span><span style=\"font-weight: 400;\"><\/span><span style=\"font-weight: 400;\"><\/span><span style=\"font-weight: 400;\"><\/span><\/li>\n<li style=\"font-weight: 400;\" aria-level=\"1\">5 stycznia<span style=\"font-weight: 400;\"><\/span><\/li>\n<li style=\"font-weight: 400;\" aria-level=\"1\">12 stycznia<\/li>\n<li style=\"font-weight: 400;\" aria-level=\"1\">19 stycznia<\/li>\n<li style=\"font-weight: 400;\" aria-level=\"1\">26 stycznia<\/li>\n<\/ul>\n<p>Zapisz si\u0119 ju\u017c dzi\u015b korzystaj\u0105c z formularza.<\/p>\n<p>Je\u015bli \u017caden z podanych termin\u00f3w Ci nie odpowiada, skontaktuj si\u0119 z nami, um\u00f3wimy si\u0119 na szkolenie indywidualne.<\/p>\n<p>[\/et_pb_text][\/et_pb_column][et_pb_column type=&#8221;3_5&#8243; _builder_version=&#8221;4.17.4&#8243; _module_preset=&#8221;default&#8221; global_colors_info=&#8221;{}&#8221;][et_pb_contact_form captcha=&#8221;off&#8221; email=&#8221;joanna.poniatowska@ipbud.pl&#8221; custom_message=&#8221;Wiadomo\u015b\u0107 wys\u0142ana z formularza %22szkolenia dla deweloper\u00f3w%22 na stronie internetowej ipbud: ||et_pb_line_break_holder||||et_pb_line_break_holder||od: %%Imie%%||et_pb_line_break_holder||mail: %%Email%%||et_pb_line_break_holder||data: %%Data%%||et_pb_line_break_holder||Tre\u015b\u0107: ||et_pb_line_break_holder||%%Tre\u015b\u0107%%||et_pb_line_break_holder||&#8221; module_id=&#8221;et_pb_contact_form_0&#8243; _builder_version=&#8221;4.23&#8243; _module_preset=&#8221;default&#8221; _unique_id=&#8221;81cc53a8-2ca1-4d39-bfe0-4e15c046406c&#8221; form_field_background_color=&#8221;rgba(255,255,255,0)&#8221; form_field_text_color=&#8221;#353740&#8243; form_field_font=&#8221;Montserrat||||&#8221; form_field_font_size=&#8221;16px&#8221; custom_button=&#8221;on&#8221; button_text_size=&#8221;16px&#8221; button_text_color=&#8221;#F37141&#8243; button_border_width=&#8221;2px&#8221; button_border_color=&#8221;#F37141&#8243; button_border_radius=&#8221;20px&#8221; button_letter_spacing=&#8221;1px&#8221; button_font=&#8221;Montserrat|on||on|&#8221; button_use_icon=&#8221;off&#8221; max_width=&#8221;800px&#8221; module_alignment=&#8221;center&#8221; animation_style=&#8221;fade&#8221; hover_enabled=&#8221;0&#8243; button_text_size_tablet=&#8221;14px&#8221; button_text_size_phone=&#8221;14px&#8221; button_text_size_last_edited=&#8221;on|tablet&#8221; box_shadow_style=&#8221;preset7&#8243; box_shadow_horizontal=&#8221;0px&#8221; box_shadow_vertical=&#8221;-1px&#8221; box_shadow_color=&#8221;rgba(0,0,0,0.18)&#8221; global_colors_info=&#8221;{}&#8221; sticky_enabled=&#8221;0&#8243;][et_pb_contact_field field_id=&#8221;Data&#8221; field_title=&#8221;Data&#8221; field_type=&#8221;select&#8221; select_options=&#8221;%91{%22value%22:%2215 grudnia%22,%22checked%22:0,%22dragID%22:1},{%22value%22:%2222 grudnia%22,%22checked%22:0,%22dragID%22:2},{%22value%22:%225 stycznia%22,%22checked%22:0,%22dragID%22:3},{%22value%22:%2212 stycznia%22,%22checked%22:0,%22dragID%22:4},{%22value%22:%2219 stycznia%22,%22checked%22:0,%22dragID%22:5},{%22value%22:%2226 stycznia%22,%22checked%22:0,%22dragID%22:6}%93&#8243; fullwidth_field=&#8221;on&#8221; _builder_version=&#8221;4.23&#8243; _module_preset=&#8221;default&#8221; hover_enabled=&#8221;0&#8243; global_colors_info=&#8221;{}&#8221; sticky_enabled=&#8221;0&#8243;][\/et_pb_contact_field][et_pb_contact_field field_id=&#8221;Imie&#8221; field_title=&#8221;Imi\u0119&#8221; _builder_version=&#8221;4.19.4&#8243; global_colors_info=&#8221;{}&#8221; button_text_size__hover_enabled=&#8221;off&#8221; button_one_text_size__hover_enabled=&#8221;off&#8221; button_two_text_size__hover_enabled=&#8221;off&#8221; button_text_color__hover_enabled=&#8221;off&#8221; button_one_text_color__hover_enabled=&#8221;off&#8221; button_two_text_color__hover_enabled=&#8221;off&#8221; button_border_width__hover_enabled=&#8221;off&#8221; button_one_border_width__hover_enabled=&#8221;off&#8221; button_two_border_width__hover_enabled=&#8221;off&#8221; button_border_color__hover_enabled=&#8221;off&#8221; button_one_border_color__hover_enabled=&#8221;off&#8221; button_two_border_color__hover_enabled=&#8221;off&#8221; button_border_radius__hover_enabled=&#8221;off&#8221; button_one_border_radius__hover_enabled=&#8221;off&#8221; button_two_border_radius__hover_enabled=&#8221;off&#8221; button_letter_spacing__hover_enabled=&#8221;off&#8221; button_one_letter_spacing__hover_enabled=&#8221;off&#8221; button_two_letter_spacing__hover_enabled=&#8221;off&#8221; button_bg_color__hover_enabled=&#8221;off&#8221; button_one_bg_color__hover_enabled=&#8221;off&#8221; button_two_bg_color__hover_enabled=&#8221;off&#8221;][\/et_pb_contact_field][et_pb_contact_field field_id=&#8221;Email&#8221; field_title=&#8221;Email&#8221; field_type=&#8221;email&#8221; _builder_version=&#8221;4.17.4&#8243; global_colors_info=&#8221;{}&#8221; button_text_size__hover_enabled=&#8221;off&#8221; button_one_text_size__hover_enabled=&#8221;off&#8221; button_two_text_size__hover_enabled=&#8221;off&#8221; button_text_color__hover_enabled=&#8221;off&#8221; button_one_text_color__hover_enabled=&#8221;off&#8221; button_two_text_color__hover_enabled=&#8221;off&#8221; button_border_width__hover_enabled=&#8221;off&#8221; button_one_border_width__hover_enabled=&#8221;off&#8221; button_two_border_width__hover_enabled=&#8221;off&#8221; button_border_color__hover_enabled=&#8221;off&#8221; button_one_border_color__hover_enabled=&#8221;off&#8221; button_two_border_color__hover_enabled=&#8221;off&#8221; button_border_radius__hover_enabled=&#8221;off&#8221; button_one_border_radius__hover_enabled=&#8221;off&#8221; button_two_border_radius__hover_enabled=&#8221;off&#8221; button_letter_spacing__hover_enabled=&#8221;off&#8221; button_one_letter_spacing__hover_enabled=&#8221;off&#8221; button_two_letter_spacing__hover_enabled=&#8221;off&#8221; button_bg_color__hover_enabled=&#8221;off&#8221; button_one_bg_color__hover_enabled=&#8221;off&#8221; button_two_bg_color__hover_enabled=&#8221;off&#8221;][\/et_pb_contact_field][et_pb_contact_field field_id=&#8221;Tre\u015b\u0107&#8221; field_title=&#8221;Tre\u015b\u0107 (opcjonalna)&#8221; field_type=&#8221;text&#8221; required_mark=&#8221;off&#8221; fullwidth_field=&#8221;on&#8221; _builder_version=&#8221;4.17.4&#8243; global_colors_info=&#8221;{}&#8221; button_text_size__hover_enabled=&#8221;off&#8221; button_one_text_size__hover_enabled=&#8221;off&#8221; button_two_text_size__hover_enabled=&#8221;off&#8221; button_text_color__hover_enabled=&#8221;off&#8221; button_one_text_color__hover_enabled=&#8221;off&#8221; button_two_text_color__hover_enabled=&#8221;off&#8221; button_border_width__hover_enabled=&#8221;off&#8221; button_one_border_width__hover_enabled=&#8221;off&#8221; button_two_border_width__hover_enabled=&#8221;off&#8221; button_border_color__hover_enabled=&#8221;off&#8221; button_one_border_color__hover_enabled=&#8221;off&#8221; button_two_border_color__hover_enabled=&#8221;off&#8221; button_border_radius__hover_enabled=&#8221;off&#8221; button_one_border_radius__hover_enabled=&#8221;off&#8221; button_two_border_radius__hover_enabled=&#8221;off&#8221; button_letter_spacing__hover_enabled=&#8221;off&#8221; button_one_letter_spacing__hover_enabled=&#8221;off&#8221; button_two_letter_spacing__hover_enabled=&#8221;off&#8221; button_bg_color__hover_enabled=&#8221;off&#8221; button_one_bg_color__hover_enabled=&#8221;off&#8221; button_two_bg_color__hover_enabled=&#8221;off&#8221;][\/et_pb_contact_field][\/et_pb_contact_form][\/et_pb_column][\/et_pb_row][\/et_pb_section]<\/p>\n","protected":false},"excerpt":{"rendered":"<p>Na szkoleniu: U nas dowiesz si\u0119, co zrobi\u0107, aby Twoje nieruchomo\u015bci wyr\u00f3\u017cnia\u0142y si\u0119 na tle konkurencji Zapoznasz si\u0119 ze wszystkimi innowacjami, kt\u00f3re mo\u017cesz wprowadzi\u0107 w budowanych przez siebie inwestycjach Pozyskasz mo\u017cliwo\u015b\u0107 wsp\u00f3\u0142pracy z rzetelnym i sprawdzonym wykonawc\u0105 Poznasz pe\u0142en wachlarz mo\u017cliwo\u015bci \u0142\u0105cznie z wycenami, aby\u015b m\u00f3g\u0142 dopasowa\u0107 je do siebie Dostaniesz rzeteln\u0105 i przydatn\u0105 wiedz\u0119 [&hellip;]<\/p>\n","protected":false},"author":1,"featured_media":0,"parent":0,"menu_order":0,"comment_status":"closed","ping_status":"closed","template":"","meta":{"_et_pb_use_builder":"on","_et_pb_old_content":"","_et_gb_content_width":"","footnotes":""},"_links":{"self":[{"href":"https:\/\/ipbud.pl\/index.php?rest_route=\/wp\/v2\/pages\/591"}],"collection":[{"href":"https:\/\/ipbud.pl\/index.php?rest_route=\/wp\/v2\/pages"}],"about":[{"href":"https:\/\/ipbud.pl\/index.php?rest_route=\/wp\/v2\/types\/page"}],"author":[{"embeddable":true,"href":"https:\/\/ipbud.pl\/index.php?rest_route=\/wp\/v2\/users\/1"}],"replies":[{"embeddable":true,"href":"https:\/\/ipbud.pl\/index.php?rest_route=%2Fwp%2Fv2%2Fcomments&post=591"}],"version-history":[{"count":26,"href":"https:\/\/ipbud.pl\/index.php?rest_route=\/wp\/v2\/pages\/591\/revisions"}],"predecessor-version":[{"id":3681,"href":"https:\/\/ipbud.pl\/index.php?rest_route=\/wp\/v2\/pages\/591\/revisions\/3681"}],"wp:attachment":[{"href":"https:\/\/ipbud.pl\/index.php?rest_route=%2Fwp%2Fv2%2Fmedia&parent=591"}],"curies":[{"name":"wp","href":"https:\/\/api.w.org\/{rel}","templated":true}]}}