{"id":3160,"date":"2023-08-18T11:14:45","date_gmt":"2023-08-18T11:14:45","guid":{"rendered":"https:\/\/ipbud.pl\/?page_id=3160"},"modified":"2023-09-09T19:13:21","modified_gmt":"2023-09-09T19:13:21","slug":"koordynacja-3","status":"publish","type":"page","link":"https:\/\/ipbud.pl\/?page_id=3160","title":{"rendered":"Koordynacja"},"content":{"rendered":"<p>[et_pb_section fb_built=&#8221;1&#8243; fullwidth=&#8221;on&#8221; _builder_version=&#8221;4.17.4&#8243; _module_preset=&#8221;default&#8221; background_color=&#8221;#2ea3f2&#8243; use_background_color_gradient=&#8221;on&#8221; background_color_gradient_direction=&#8221;330deg&#8221; background_color_gradient_stops=&#8221;#ee3954 0%|#fdde67 99%&#8221; background_color_gradient_start=&#8221;#2ea3f2&#8243; background_color_gradient_end=&#8221;#2e6df4&#8243; global_colors_info=&#8221;{}&#8221;][et_pb_fullwidth_header title=&#8221;Koordynacja i nadz\u00f3r budowy&#8221; content_max_width=&#8221;none&#8221; _builder_version=&#8221;4.22.0&#8243; _module_preset=&#8221;default&#8221; title_font=&#8221;|||on|||||&#8221; title_font_size=&#8221;40px&#8221; subhead_font_size=&#8221;20px&#8221; background_color=&#8221;rgba(255, 255, 255, 0)&#8221; custom_padding=&#8221;29px||23px|||&#8221; custom_padding_tablet=&#8221;20px||18px||false|false&#8221; custom_padding_phone=&#8221;10px||8px||false|false&#8221; custom_padding_last_edited=&#8221;on|tablet&#8221; title_font_size_tablet=&#8221;36px&#8221; title_font_size_phone=&#8221;34px&#8221; title_font_size_last_edited=&#8221;on|tablet&#8221; subhead_font_size_tablet=&#8221;18px&#8221; subhead_font_size_phone=&#8221;16px&#8221; subhead_font_size_last_edited=&#8221;on|tablet&#8221; global_colors_info=&#8221;{}&#8221; button_one_text_size__hover_enabled=&#8221;off&#8221; button_two_text_size__hover_enabled=&#8221;off&#8221; button_one_text_color__hover_enabled=&#8221;off&#8221; button_two_text_color__hover_enabled=&#8221;off&#8221; button_one_border_width__hover_enabled=&#8221;off&#8221; button_two_border_width__hover_enabled=&#8221;off&#8221; button_one_border_color__hover_enabled=&#8221;off&#8221; button_two_border_color__hover_enabled=&#8221;off&#8221; button_one_border_radius__hover_enabled=&#8221;off&#8221; button_two_border_radius__hover_enabled=&#8221;off&#8221; button_one_letter_spacing__hover_enabled=&#8221;off&#8221; button_two_letter_spacing__hover_enabled=&#8221;off&#8221; button_one_bg_color__hover_enabled=&#8221;off&#8221; button_two_bg_color__hover_enabled=&#8221;off&#8221;][\/et_pb_fullwidth_header][\/et_pb_section][et_pb_section fb_built=&#8221;1&#8243; _builder_version=&#8221;4.19.4&#8243; _module_preset=&#8221;default&#8221; background_color=&#8221;#FFFBEB&#8221; min_height=&#8221;70vh&#8221; custom_padding=&#8221;10vh||10vh||true|false&#8221; global_colors_info=&#8221;{}&#8221;][et_pb_row _builder_version=&#8221;4.17.4&#8243; _module_preset=&#8221;default&#8221; custom_padding=&#8221;2%|3%|2%|3%|true|true&#8221; border_radii=&#8221;on|20px|20px|20px|20px&#8221; box_shadow_style=&#8221;preset1&#8243; global_colors_info=&#8221;{}&#8221;][et_pb_column type=&#8221;4_4&#8243; _builder_version=&#8221;4.17.4&#8243; _module_preset=&#8221;default&#8221; global_colors_info=&#8221;{}&#8221;][et_pb_text _builder_version=&#8221;4.22.0&#8243; _module_preset=&#8221;default&#8221; global_colors_info=&#8221;{}&#8221;]<\/p>\n<p>Koordynator Budowy, czyli IPbud by\u0142by nadrz\u0119dnym wykonawc\u0105 Pa\u0144stwa inwestycji. To do nas nale\u017cy dopilnowanie wszystkich prac, zam\u00f3wie\u0144 materia\u0142\u00f3w czy wykonania instalacji.<\/p>\n<p>Us\u0142uga ta zawiera zakres prac takich jak:<\/p>\n<p>&#8211; wszystkie prace wykonane przez jedn\u0105 firm\u0119 IPbud (m.in. wszystkie instalacje, tynki, wylewki),<br \/>&#8211; wyko\u0144czenie wn\u0119trza zgodnie z projektem wn\u0119trz (\u0142azienki, pod\u0142ogi, \u015bciany, zabudowy karton-gips, itd.),<br \/>&#8211; meble,<br \/>&#8211; przedstawienie mo\u017cliwo\u015bci aran\u017cacji ogrodu (infrastruktura ogrodowa, ro\u015blinno\u015b\u0107, sauna jacuzzi) i koordynacja tych prac.<\/p>\n<p>Korzy\u015bci dla Pa\u0144stwa:<\/p>\n<p>&#8211; jeden nadrz\u0119dny wykonawca ca\u0142ego budynku,<br \/>&#8211; koordynacja wszystkich prac (jeden dedykowany Pa\u0144stwu Koordynator z ramienia marki IPbud),<br \/>&#8211; doprowadzenie budynku do stanu \u201epod klucz\u201d,<br \/>&#8211; oszcz\u0119dno\u015b\u0107 czasu,<br \/>&#8211; oszcz\u0119dno\u015b\u0107 pieni\u0119dzy,<br \/>&#8211; gwarancja, r\u0119kojmia,<br \/>&#8211; doradztwo na ka\u017cdym etapie budowy,<br \/>&#8211; przedstawienie Pa\u0144stwu wszystkich mo\u017cliwo\u015bci i najlepszych rozwi\u0105za\u0144,<br \/>&#8211; brak kolizji instalacyjnych, wykonawczych i czasowych,<br \/>&#8211; pe\u0142en wachlarz z kt\u00f3rego wybieracie to, czego potrzebujecie.<\/p>\n<p>[\/et_pb_text][\/et_pb_column][\/et_pb_row][et_pb_row _builder_version=&#8221;4.17.4&#8243; _module_preset=&#8221;default&#8221; global_colors_info=&#8221;{}&#8221;][et_pb_column type=&#8221;4_4&#8243; _builder_version=&#8221;4.17.4&#8243; _module_preset=&#8221;default&#8221; global_colors_info=&#8221;{}&#8221;][et_pb_gallery gallery_ids=&#8221;3515&#8243; posts_number=&#8221;20&#8243; show_title_and_caption=&#8221;off&#8221; show_pagination=&#8221;off&#8221; zoom_icon_color=&#8221;#f37141&#8243; hover_overlay_color=&#8221;rgba(40,40,40,0.6)&#8221; _builder_version=&#8221;4.22.0&#8243; _module_preset=&#8221;default&#8221; border_radii_image=&#8221;on|20px|20px|20px|20px&#8221; box_shadow_style_image=&#8221;preset1&#8243; global_colors_info=&#8221;{}&#8221;][\/et_pb_gallery][\/et_pb_column][\/et_pb_row][\/et_pb_section]<\/p>\n","protected":false},"excerpt":{"rendered":"<p>Koordynator Budowy, czyli IPbud by\u0142by nadrz\u0119dnym wykonawc\u0105 Pa\u0144stwa inwestycji. To do nas nale\u017cy dopilnowanie wszystkich prac, zam\u00f3wie\u0144 materia\u0142\u00f3w czy wykonania instalacji.Us\u0142uga ta zawiera zakres prac takich jak: &#8211; wszystkie prace wykonane przez jedn\u0105 firm\u0119 IPbud (m.in. wszystkie instalacje, tynki, wylewki),- wyko\u0144czenie wn\u0119trza zgodnie z projektem wn\u0119trz (\u0142azienki, pod\u0142ogi, \u015bciany, zabudowy karton-gips, itd.),- meble,- przedstawienie mo\u017cliwo\u015bci [&hellip;]<\/p>\n","protected":false},"author":1,"featured_media":0,"parent":0,"menu_order":0,"comment_status":"closed","ping_status":"closed","template":"","meta":{"_et_pb_use_builder":"on","_et_pb_old_content":"","_et_gb_content_width":"","footnotes":""},"_links":{"self":[{"href":"https:\/\/ipbud.pl\/index.php?rest_route=\/wp\/v2\/pages\/3160"}],"collection":[{"href":"https:\/\/ipbud.pl\/index.php?rest_route=\/wp\/v2\/pages"}],"about":[{"href":"https:\/\/ipbud.pl\/index.php?rest_route=\/wp\/v2\/types\/page"}],"author":[{"embeddable":true,"href":"https:\/\/ipbud.pl\/index.php?rest_route=\/wp\/v2\/users\/1"}],"replies":[{"embeddable":true,"href":"https:\/\/ipbud.pl\/index.php?rest_route=%2Fwp%2Fv2%2Fcomments&post=3160"}],"version-history":[{"count":5,"href":"https:\/\/ipbud.pl\/index.php?rest_route=\/wp\/v2\/pages\/3160\/revisions"}],"predecessor-version":[{"id":3548,"href":"https:\/\/ipbud.pl\/index.php?rest_route=\/wp\/v2\/pages\/3160\/revisions\/3548"}],"wp:attachment":[{"href":"https:\/\/ipbud.pl\/index.php?rest_route=%2Fwp%2Fv2%2Fmedia&parent=3160"}],"curies":[{"name":"wp","href":"https:\/\/api.w.org\/{rel}","templated":true}]}}