{"id":181,"date":"2022-05-19T20:38:07","date_gmt":"2022-05-19T20:38:07","guid":{"rendered":"https:\/\/ipbud.pl\/?page_id=181"},"modified":"2023-09-09T18:23:27","modified_gmt":"2023-09-09T18:23:27","slug":"181-2","status":"publish","type":"page","link":"https:\/\/ipbud.pl\/?page_id=181","title":{"rendered":"Szkolenia"},"content":{"rendered":"<p>[et_pb_section fb_built=&#8221;1&#8243; fullwidth=&#8221;on&#8221; _builder_version=&#8221;4.17.4&#8243; _module_preset=&#8221;default&#8221; background_color=&#8221;#2ea3f2&#8243; use_background_color_gradient=&#8221;on&#8221; background_color_gradient_direction=&#8221;330deg&#8221; background_color_gradient_stops=&#8221;#ee3954 0%|#fdde67 99%&#8221; background_color_gradient_start=&#8221;#2ea3f2&#8243; background_color_gradient_end=&#8221;#2e6df4&#8243; global_colors_info=&#8221;{}&#8221;][et_pb_fullwidth_header title=&#8221;Nasze szkolenia&#8221; subhead=&#8221;Zobacz, czego dzi\u0119ki nam mo\u017cesz si\u0119 dowiedzie\u0107 i co u\u0142atwi Ci budow\u0119&#8221; content_max_width=&#8221;none&#8221; _builder_version=&#8221;4.17.4&#8243; _module_preset=&#8221;default&#8221; title_font=&#8221;|||on|||||&#8221; title_font_size=&#8221;40px&#8221; subhead_font_size=&#8221;20px&#8221; background_color=&#8221;rgba(255, 255, 255, 0)&#8221; custom_padding=&#8221;29px||23px|||&#8221; custom_padding_tablet=&#8221;20px||18px||false|false&#8221; custom_padding_phone=&#8221;10px||8px||false|false&#8221; custom_padding_last_edited=&#8221;on|tablet&#8221; title_font_size_tablet=&#8221;36px&#8221; title_font_size_phone=&#8221;34px&#8221; title_font_size_last_edited=&#8221;on|tablet&#8221; subhead_font_size_tablet=&#8221;18px&#8221; subhead_font_size_phone=&#8221;16px&#8221; subhead_font_size_last_edited=&#8221;on|tablet&#8221; global_colors_info=&#8221;{}&#8221; button_one_text_size__hover_enabled=&#8221;off&#8221; button_two_text_size__hover_enabled=&#8221;off&#8221; button_one_text_color__hover_enabled=&#8221;off&#8221; button_two_text_color__hover_enabled=&#8221;off&#8221; button_one_border_width__hover_enabled=&#8221;off&#8221; button_two_border_width__hover_enabled=&#8221;off&#8221; button_one_border_color__hover_enabled=&#8221;off&#8221; button_two_border_color__hover_enabled=&#8221;off&#8221; button_one_border_radius__hover_enabled=&#8221;off&#8221; button_two_border_radius__hover_enabled=&#8221;off&#8221; button_one_letter_spacing__hover_enabled=&#8221;off&#8221; button_two_letter_spacing__hover_enabled=&#8221;off&#8221; button_one_bg_color__hover_enabled=&#8221;off&#8221; button_two_bg_color__hover_enabled=&#8221;off&#8221;][\/et_pb_fullwidth_header][\/et_pb_section][et_pb_section fb_built=&#8221;1&#8243; admin_label=&#8221;Babbysitters&#8221; _builder_version=&#8221;4.17.4&#8243; _module_preset=&#8221;default&#8221; background_color=&#8221;#FFFBEB&#8221; custom_margin=&#8221;|||&#8221; custom_padding=&#8221;9px||44px|||&#8221; global_colors_info=&#8221;{}&#8221;][et_pb_row column_structure=&#8221;1_2,1_2&#8243; _builder_version=&#8221;4.17.4&#8243; _module_preset=&#8221;default&#8221; global_colors_info=&#8221;{}&#8221;][et_pb_column type=&#8221;1_2&#8243; _builder_version=&#8221;4.17.4&#8243; _module_preset=&#8221;default&#8221; border_radii=&#8221;on|20px|20px|20px|20px&#8221; box_shadow_style=&#8221;preset1&#8243; global_colors_info=&#8221;{}&#8221;][et_pb_text _builder_version=&#8221;4.18.0&#8243; _module_preset=&#8221;default&#8221; background_color=&#8221;#FFFBEB&#8221; width=&#8221;100%&#8221; max_width=&#8221;100%&#8221; height=&#8221;425px&#8221; height_tablet=&#8221;425px&#8221; height_phone=&#8221;425px&#8221; height_last_edited=&#8221;on|phone&#8221; custom_padding=&#8221;6%|6%|6%|6%|false|false&#8221; custom_padding_tablet=&#8221;3%|3%|3%|3%|false|false&#8221; custom_padding_phone=&#8221;6%|6%|0%|6%|false|true&#8221; custom_padding_last_edited=&#8221;on|phone&#8221; text_font_size_tablet=&#8221;&#8221; text_font_size_phone=&#8221;12px&#8221; text_font_size_last_edited=&#8221;on|phone&#8221; text_line_height_tablet=&#8221;&#8221; text_line_height_phone=&#8221;&#8221; text_line_height_last_edited=&#8221;on|phone&#8221; header_font_size_tablet=&#8221;&#8221; header_font_size_phone=&#8221;20px&#8221; header_font_size_last_edited=&#8221;on|phone&#8221; header_3_font_size_tablet=&#8221;&#8221; header_3_font_size_phone=&#8221;18px&#8221; header_3_font_size_last_edited=&#8221;on|phone&#8221; border_radii=&#8221;on|20px|20px|20px|20px&#8221; global_colors_info=&#8221;{}&#8221;]<\/p>\n<h3><b>Dla Inwestor\u00f3w Indywidualnych<\/b><\/h3>\n<h3><b> (Klienci buduj\u0105cy domy)<\/b>:<\/p>\n<p><\/h3>\n<ul>\n<li style=\"font-weight: 400;\" aria-level=\"1\"><span style=\"font-weight: 400;\">U nas dowiesz si\u0119, co zrobi\u0107, aby skr\u00f3ci\u0107 czas budowy, a budowa domu przebieg\u0142a sprawnie i terminowo<\/span><\/li>\n<li style=\"font-weight: 400;\" aria-level=\"1\"><span style=\"font-weight: 400;\">Zapoznasz si\u0119 ze wszystkimi instalacjami, kt\u00f3re mog\u0105 by\u0107 w Twoim domu<\/span><\/li>\n<li style=\"font-weight: 400;\" aria-level=\"1\"><span style=\"font-weight: 400;\">Poznasz pe\u0142en wachlarz mo\u017cliwo\u015bci \u0142\u0105cznie z wycenami, aby\u015b m\u00f3g\u0142 dopasowa\u0107 je do siebie<\/span><\/li>\n<li style=\"font-weight: 400;\" aria-level=\"1\"><span style=\"font-weight: 400;\">Dostaniesz rzeteln\u0105 i przydatn\u0105 wiedz\u0119<\/span><\/li>\n<li style=\"font-weight: 400;\" aria-level=\"1\"><span style=\"font-weight: 400;\">Uzyskasz konkretne odpowiedzi na Twoje pytania<\/span><\/li>\n<li style=\"font-weight: 400;\" aria-level=\"1\"><span style=\"font-weight: 400;\">Zapewniamy indywidualne podej\u015bcie i komfortow\u0105 atmosfer\u0119 w trakcie szkolenia<\/span><\/li>\n<\/ul>\n<p>[\/et_pb_text][et_pb_button button_url=&#8221;@ET-DC@eyJkeW5hbWljIjp0cnVlLCJjb250ZW50IjoicG9zdF9saW5rX3VybF9wYWdlIiwic2V0dGluZ3MiOnsicG9zdF9pZCI6IjU3NSJ9fQ==@&#8221; button_text=&#8221;zobacz termin&#8221; button_alignment=&#8221;right&#8221; module_class=&#8221;about-button-more&#8221; _builder_version=&#8221;4.17.4&#8243; _dynamic_attributes=&#8221;button_url&#8221; _module_preset=&#8221;default&#8221; custom_button=&#8221;on&#8221; button_text_size=&#8221;14px&#8221; button_text_color=&#8221;#F37141&#8243; button_border_radius=&#8221;17px&#8221; button_letter_spacing=&#8221;1px&#8221; button_use_icon=&#8221;off&#8221; positioning=&#8221;relative&#8221; position_origin_r=&#8221;bottom_right&#8221; horizontal_offset=&#8221;0px&#8221; horizontal_offset_tablet=&#8221;-40%&#8221; horizontal_offset_phone=&#8221;-50%&#8221; horizontal_offset_last_edited=&#8221;on|phone&#8221; custom_margin=&#8221;|10%|5%||false|false&#8221; custom_margin_tablet=&#8221;|50%|||false|false&#8221; custom_margin_phone=&#8221;|55%|||false|false&#8221; custom_margin_last_edited=&#8221;on|phone&#8221; global_colors_info=&#8221;{}&#8221;][\/et_pb_button][\/et_pb_column][et_pb_column type=&#8221;1_2&#8243; _builder_version=&#8221;4.17.4&#8243; _module_preset=&#8221;default&#8221; global_colors_info=&#8221;{}&#8221;][et_pb_text _builder_version=&#8221;4.22.0&#8243; _module_preset=&#8221;default&#8221; background_color=&#8221;#FFFBEB&#8221; background_image=&#8221;https:\/\/ipbud.pl\/wp-content\/uploads\/2023\/08\/house-1836070_1280.jpg&#8221; background_position=&#8221;top_center&#8221; width=&#8221;100%&#8221; max_width=&#8221;100%&#8221; height=&#8221;520px&#8221; custom_padding=&#8221;6%|6%|6%|6%|false|false&#8221; custom_padding_tablet=&#8221;3%|3%|3%|3%|false|false&#8221; custom_padding_phone=&#8221;3%|3%|3%|3%|false|false&#8221; custom_padding_last_edited=&#8221;on|tablet&#8221; border_radii=&#8221;on|20px|20px|20px|20px&#8221; box_shadow_style=&#8221;preset1&#8243; global_colors_info=&#8221;{}&#8221;][\/et_pb_text][\/et_pb_column][\/et_pb_row][et_pb_row column_structure=&#8221;1_2,1_2&#8243; _builder_version=&#8221;4.17.4&#8243; _module_preset=&#8221;default&#8221; global_colors_info=&#8221;{}&#8221;][et_pb_column type=&#8221;1_2&#8243; _builder_version=&#8221;4.17.4&#8243; _module_preset=&#8221;default&#8221; global_colors_info=&#8221;{}&#8221;][et_pb_text _builder_version=&#8221;4.22.0&#8243; _module_preset=&#8221;default&#8221; background_color=&#8221;#FFFBEB&#8221; background_image=&#8221;https:\/\/ipbud.pl\/wp-content\/uploads\/2023\/08\/living-room-1835923_1280.jpg&#8221; background_position=&#8221;top_center&#8221; width=&#8221;100%&#8221; max_width=&#8221;100%&#8221; height=&#8221;520px&#8221; custom_padding=&#8221;6%|6%|6%|6%|false|false&#8221; custom_padding_tablet=&#8221;3%|3%|3%|3%|false|false&#8221; custom_padding_phone=&#8221;3%|3%|3%|3%|false|false&#8221; custom_padding_last_edited=&#8221;on|tablet&#8221; border_radii=&#8221;on|20px|20px|20px|20px&#8221; box_shadow_style=&#8221;preset1&#8243; global_colors_info=&#8221;{}&#8221;][\/et_pb_text][\/et_pb_column][et_pb_column type=&#8221;1_2&#8243; _builder_version=&#8221;4.17.4&#8243; _module_preset=&#8221;default&#8221; border_radii=&#8221;on|20px|20px|20px|20px&#8221; box_shadow_style=&#8221;preset1&#8243; global_colors_info=&#8221;{}&#8221;][et_pb_text _builder_version=&#8221;4.18.0&#8243; _module_preset=&#8221;default&#8221; background_color=&#8221;#FFFBEB&#8221; width=&#8221;100%&#8221; max_width=&#8221;100%&#8221; height=&#8221;425px&#8221; height_tablet=&#8221;425px&#8221; height_phone=&#8221;425px&#8221; height_last_edited=&#8221;on|phone&#8221; custom_padding=&#8221;6%|6%|6%|6%|false|false&#8221; custom_padding_tablet=&#8221;3%|3%|3%|3%|false|false&#8221; custom_padding_phone=&#8221;6%|6%|0%|6%|false|true&#8221; custom_padding_last_edited=&#8221;on|phone&#8221; text_font_size_tablet=&#8221;&#8221; text_font_size_phone=&#8221;12px&#8221; text_font_size_last_edited=&#8221;on|phone&#8221; text_line_height_tablet=&#8221;&#8221; text_line_height_phone=&#8221;&#8221; text_line_height_last_edited=&#8221;on|phone&#8221; header_font_size_tablet=&#8221;&#8221; header_font_size_phone=&#8221;20px&#8221; header_font_size_last_edited=&#8221;on|phone&#8221; header_3_font_size_tablet=&#8221;&#8221; header_3_font_size_phone=&#8221;18px&#8221; header_3_font_size_last_edited=&#8221;on|phone&#8221; border_radii=&#8221;on|20px|20px|20px|20px&#8221; global_colors_info=&#8221;{}&#8221;]<\/p>\n<h3><span style=\"font-size: 22px;\"><b>Dla Projektant\u00f3w Wn\u0119trz<\/b>:<\/p>\n<p><\/span><\/h3>\n<ul>\n<li style=\"font-weight: 400;\" aria-level=\"1\"><span style=\"font-weight: 400;\">Uzyskasz mo\u017cliwo\u015b\u0107 projektowania instalacji w du\u017co szybszy i przyjemniejszy spos\u00f3b<\/span><\/li>\n<li style=\"font-weight: 400;\" aria-level=\"1\"><span style=\"font-weight: 400;\">Twoja oferta b\u0119dzie unikatowa w oczach klient\u00f3w dzi\u0119ki zaczerpni\u0119tej wiedzy ze szkolenia<\/span><\/li>\n<li style=\"font-weight: 400;\" aria-level=\"1\"><span style=\"font-weight: 400;\">Dowiesz si\u0119 o najnowszych instalacjach budowlanych oraz korzy\u015bciach p\u0142yn\u0105cych z ich posiadania dla klient\u00f3w<\/span><\/li>\n<li style=\"font-weight: 400;\" aria-level=\"1\"><span style=\"font-weight: 400;\">Poznasz pe\u0142en wachlarz mo\u017cliwo\u015bci przy projektowaniu schemat\u00f3w wykonawczych i instalacji, aby\u015b m\u00f3g\u0142 je dopasowa\u0107 do klienta<\/span><\/li>\n<li style=\"font-weight: 400;\" aria-level=\"1\"><span style=\"font-weight: 400;\">Zwi\u0119kszysz produktywno\u015b\u0107 poprzez skr\u00f3cenie czasu swojej pracy, a przy tym wyr\u00f3\u017cnisz si\u0119 na rynku projektant\u00f3w<\/span><\/li>\n<\/ul>\n<p>[\/et_pb_text][et_pb_button button_url=&#8221;@ET-DC@eyJkeW5hbWljIjp0cnVlLCJjb250ZW50IjoicG9zdF9saW5rX3VybF9wYWdlIiwic2V0dGluZ3MiOnsicG9zdF9pZCI6IjU4MiJ9fQ==@&#8221; button_text=&#8221;zobacz termin&#8221; button_alignment=&#8221;right&#8221; module_class=&#8221;about-button-more&#8221; _builder_version=&#8221;4.17.4&#8243; _dynamic_attributes=&#8221;button_url&#8221; _module_preset=&#8221;default&#8221; custom_button=&#8221;on&#8221; button_text_size=&#8221;14px&#8221; button_text_color=&#8221;#F37141&#8243; button_border_radius=&#8221;17px&#8221; button_letter_spacing=&#8221;1px&#8221; button_use_icon=&#8221;off&#8221; positioning=&#8221;relative&#8221; position_origin_r=&#8221;bottom_right&#8221; horizontal_offset=&#8221;0px&#8221; horizontal_offset_tablet=&#8221;-40%&#8221; horizontal_offset_phone=&#8221;-50%&#8221; horizontal_offset_last_edited=&#8221;on|phone&#8221; custom_margin=&#8221;|10%|5%||false|false&#8221; custom_margin_tablet=&#8221;|50%|||false|false&#8221; custom_margin_phone=&#8221;|55%|||false|false&#8221; custom_margin_last_edited=&#8221;on|phone&#8221; global_colors_info=&#8221;{}&#8221;][\/et_pb_button][\/et_pb_column][\/et_pb_row][et_pb_row column_structure=&#8221;1_2,1_2&#8243; _builder_version=&#8221;4.17.4&#8243; _module_preset=&#8221;default&#8221; global_colors_info=&#8221;{}&#8221;][et_pb_column type=&#8221;1_2&#8243; _builder_version=&#8221;4.17.4&#8243; _module_preset=&#8221;default&#8221; border_radii=&#8221;on|20px|20px|20px|20px&#8221; box_shadow_style=&#8221;preset1&#8243; global_colors_info=&#8221;{}&#8221;][et_pb_text _builder_version=&#8221;4.18.0&#8243; _module_preset=&#8221;default&#8221; background_color=&#8221;#FFFBEB&#8221; width=&#8221;100%&#8221; max_width=&#8221;100%&#8221; height=&#8221;425px&#8221; height_tablet=&#8221;425px&#8221; height_phone=&#8221;425px&#8221; height_last_edited=&#8221;on|phone&#8221; custom_padding=&#8221;6%|6%|6%|6%|false|false&#8221; custom_padding_tablet=&#8221;3%|3%|3%|3%|false|false&#8221; custom_padding_phone=&#8221;6%|6%|0%|6%|false|true&#8221; custom_padding_last_edited=&#8221;on|phone&#8221; text_font_size_tablet=&#8221;&#8221; text_font_size_phone=&#8221;12px&#8221; text_font_size_last_edited=&#8221;on|phone&#8221; text_line_height_tablet=&#8221;&#8221; text_line_height_phone=&#8221;&#8221; text_line_height_last_edited=&#8221;on|phone&#8221; header_font_size_tablet=&#8221;&#8221; header_font_size_phone=&#8221;20px&#8221; header_font_size_last_edited=&#8221;on|phone&#8221; header_3_font_size_tablet=&#8221;&#8221; header_3_font_size_phone=&#8221;18px&#8221; header_3_font_size_last_edited=&#8221;on|phone&#8221; border_radii=&#8221;on|20px|20px|20px|20px&#8221; global_colors_info=&#8221;{}&#8221;]<\/p>\n<h3><b>Dla Architekt\u00f3w<\/b><b><\/b>:<\/p>\n<p><\/h3>\n<ul>\n<li style=\"font-weight: 400;\" aria-level=\"1\"><span style=\"font-weight: 400;\">Dowiesz si\u0119, jak na etapie rozpoczynania projektowania domu skr\u00f3ci\u0107 czas swojej pracy i zwi\u0119kszy\u0107 produktywno\u015b\u0107<\/span><\/li>\n<li style=\"font-weight: 400;\" aria-level=\"1\"><span style=\"font-weight: 400;\">Poznasz wszystkie instalacje budowlane oraz patenty na zaprojektowanie ich<\/span><\/li>\n<li style=\"font-weight: 400;\" aria-level=\"1\"><span style=\"font-weight: 400;\">Zapoznasz si\u0119 ze strategiami w bezkolizyjnym projektowaniu wszystkich instalacji<\/span><\/li>\n<li style=\"font-weight: 400;\" aria-level=\"1\"><span style=\"font-weight: 400;\">Uzyskasz pomoc w projektowaniu instalacji bran\u017cowych<\/span><\/li>\n<li style=\"font-weight: 400;\" aria-level=\"1\"><span style=\"font-weight: 400;\">Dostaniesz rzeteln\u0105 i przydatn\u0105 wiedz\u0119 od strony instalatora <\/span><\/li>\n<\/ul>\n<p>[\/et_pb_text][et_pb_button button_url=&#8221;@ET-DC@eyJkeW5hbWljIjp0cnVlLCJjb250ZW50IjoicG9zdF9saW5rX3VybF9wYWdlIiwic2V0dGluZ3MiOnsicG9zdF9pZCI6IjU4NyJ9fQ==@&#8221; button_text=&#8221;zobacz termin&#8221; button_alignment=&#8221;right&#8221; module_class=&#8221;about-button-more&#8221; _builder_version=&#8221;4.17.4&#8243; _dynamic_attributes=&#8221;button_url&#8221; _module_preset=&#8221;default&#8221; custom_button=&#8221;on&#8221; button_text_size=&#8221;14px&#8221; button_text_color=&#8221;#F37141&#8243; button_border_radius=&#8221;17px&#8221; button_letter_spacing=&#8221;1px&#8221; button_use_icon=&#8221;off&#8221; positioning=&#8221;relative&#8221; position_origin_r=&#8221;bottom_right&#8221; horizontal_offset=&#8221;0px&#8221; horizontal_offset_tablet=&#8221;-40%&#8221; horizontal_offset_phone=&#8221;-50%&#8221; horizontal_offset_last_edited=&#8221;on|phone&#8221; custom_margin=&#8221;|10%|5%||false|false&#8221; custom_margin_tablet=&#8221;|50%|||false|false&#8221; custom_margin_phone=&#8221;|55%|||false|false&#8221; custom_margin_last_edited=&#8221;on|phone&#8221; global_colors_info=&#8221;{}&#8221;][\/et_pb_button][\/et_pb_column][et_pb_column type=&#8221;1_2&#8243; _builder_version=&#8221;4.17.4&#8243; _module_preset=&#8221;default&#8221; global_colors_info=&#8221;{}&#8221;][et_pb_text _builder_version=&#8221;4.22.0&#8243; _module_preset=&#8221;default&#8221; background_color=&#8221;#FFFBEB&#8221; background_image=&#8221;https:\/\/ipbud.pl\/wp-content\/uploads\/2023\/08\/ryan-ancill-Veee7A3x80Y-unsplash-scaled.jpg&#8221; background_position=&#8221;top_center&#8221; width=&#8221;100%&#8221; max_width=&#8221;100%&#8221; height=&#8221;520px&#8221; custom_padding=&#8221;6%|6%|6%|6%|false|false&#8221; custom_padding_tablet=&#8221;3%|3%|3%|3%|false|false&#8221; custom_padding_phone=&#8221;3%|3%|3%|3%|false|false&#8221; custom_padding_last_edited=&#8221;on|tablet&#8221; border_radii=&#8221;on|20px|20px|20px|20px&#8221; box_shadow_style=&#8221;preset1&#8243; global_colors_info=&#8221;{}&#8221;][\/et_pb_text][\/et_pb_column][\/et_pb_row][et_pb_row column_structure=&#8221;1_2,1_2&#8243; _builder_version=&#8221;4.17.4&#8243; _module_preset=&#8221;default&#8221; global_colors_info=&#8221;{}&#8221;][et_pb_column type=&#8221;1_2&#8243; _builder_version=&#8221;4.17.4&#8243; _module_preset=&#8221;default&#8221; global_colors_info=&#8221;{}&#8221;][et_pb_text _builder_version=&#8221;4.22.0&#8243; _module_preset=&#8221;default&#8221; background_color=&#8221;#FFFBEB&#8221; background_image=&#8221;https:\/\/ipbud.pl\/wp-content\/uploads\/2023\/08\/real-estate-6688945_1280.jpg&#8221; background_position=&#8221;top_center&#8221; width=&#8221;100%&#8221; max_width=&#8221;100%&#8221; height=&#8221;520px&#8221; custom_padding=&#8221;6%|6%|6%|6%|false|false&#8221; custom_padding_tablet=&#8221;3%|3%|3%|3%|false|false&#8221; custom_padding_phone=&#8221;3%|3%|3%|3%|false|false&#8221; custom_padding_last_edited=&#8221;on|tablet&#8221; border_radii=&#8221;on|20px|20px|20px|20px&#8221; box_shadow_style=&#8221;preset1&#8243; global_colors_info=&#8221;{}&#8221;][\/et_pb_text][\/et_pb_column][et_pb_column type=&#8221;1_2&#8243; _builder_version=&#8221;4.17.4&#8243; _module_preset=&#8221;default&#8221; border_radii=&#8221;on|20px|20px|20px|20px&#8221; box_shadow_style=&#8221;preset1&#8243; global_colors_info=&#8221;{}&#8221;][et_pb_text _builder_version=&#8221;4.17.4&#8243; _module_preset=&#8221;default&#8221; background_color=&#8221;#FFFBEB&#8221; width=&#8221;100%&#8221; max_width=&#8221;100%&#8221; height=&#8221;425px&#8221; height_tablet=&#8221;425px&#8221; height_phone=&#8221;425px&#8221; height_last_edited=&#8221;on|phone&#8221; custom_padding=&#8221;6%|6%|6%|6%|false|false&#8221; custom_padding_tablet=&#8221;3%|3%|3%|3%|false|false&#8221; custom_padding_phone=&#8221;6%|6%|0%|6%|false|true&#8221; custom_padding_last_edited=&#8221;on|phone&#8221; text_font_size_tablet=&#8221;&#8221; text_font_size_phone=&#8221;12px&#8221; text_font_size_last_edited=&#8221;on|phone&#8221; text_line_height_tablet=&#8221;&#8221; text_line_height_phone=&#8221;&#8221; text_line_height_last_edited=&#8221;on|phone&#8221; header_font_size_tablet=&#8221;&#8221; header_font_size_phone=&#8221;20px&#8221; header_font_size_last_edited=&#8221;on|phone&#8221; header_3_font_size_tablet=&#8221;&#8221; header_3_font_size_phone=&#8221;18px&#8221; header_3_font_size_last_edited=&#8221;on|phone&#8221; border_radii=&#8221;on|20px|20px|20px|20px&#8221; global_colors_info=&#8221;{}&#8221;]<\/p>\n<h3><span style=\"font-size: 22px;\"><b>Dla Deweloper\u00f3w<\/b>:<\/p>\n<p><\/span><\/h3>\n<ul>\n<li style=\"font-weight: 400;\" aria-level=\"1\"><span style=\"font-weight: 400;\">U nas dowiesz si\u0119, co zrobi\u0107, aby Twoje nieruchomo\u015bci wyr\u00f3\u017cnia\u0142y si\u0119 na tle konkurencji<\/span><\/li>\n<li style=\"font-weight: 400;\" aria-level=\"1\"><span style=\"font-weight: 400;\">Zapoznasz si\u0119 ze wszystkimi innowacjami, kt\u00f3re mo\u017cesz wprowadzi\u0107 w budowanych przez siebie inwestycjach<\/span><\/li>\n<li style=\"font-weight: 400;\" aria-level=\"1\"><span style=\"font-weight: 400;\">Pozyskasz mo\u017cliwo\u015b\u0107 wsp\u00f3\u0142pracy z rzetelnym i sprawdzonym wykonawc\u0105<\/span><\/li>\n<li style=\"font-weight: 400;\" aria-level=\"1\"><span style=\"font-weight: 400;\">Poznasz pe\u0142en wachlarz mo\u017cliwo\u015bci \u0142\u0105cznie z wycenami, aby\u015b m\u00f3g\u0142 dopasowa\u0107 je do siebie<\/span><\/li>\n<li style=\"font-weight: 400;\" aria-level=\"1\"><span style=\"font-weight: 400;\">Dostaniesz rzeteln\u0105 i przydatn\u0105 wiedz\u0119<\/span><\/li>\n<li style=\"font-weight: 400;\" aria-level=\"1\"><span style=\"font-weight: 400;\">Uzyskasz konkretne odpowiedzi na Twoje pytania<\/span><\/li>\n<li style=\"font-weight: 400;\" aria-level=\"1\"><span style=\"font-weight: 400;\">Zapewniamy indywidualne podej\u015bcie i komfortow\u0105 atmosfer\u0119 w trakcie szkolenia<\/span><\/li>\n<\/ul>\n<p>[\/et_pb_text][et_pb_button button_url=&#8221;@ET-DC@eyJkeW5hbWljIjp0cnVlLCJjb250ZW50IjoicG9zdF9saW5rX3VybF9wYWdlIiwic2V0dGluZ3MiOnsicG9zdF9pZCI6IjU5MSJ9fQ==@&#8221; button_text=&#8221;zobacz termin&#8221; button_alignment=&#8221;right&#8221; module_class=&#8221;about-button-more&#8221; _builder_version=&#8221;4.17.4&#8243; _dynamic_attributes=&#8221;button_url&#8221; _module_preset=&#8221;default&#8221; custom_button=&#8221;on&#8221; button_text_size=&#8221;14px&#8221; button_text_color=&#8221;#F37141&#8243; button_border_radius=&#8221;17px&#8221; button_letter_spacing=&#8221;1px&#8221; button_use_icon=&#8221;off&#8221; positioning=&#8221;relative&#8221; position_origin_r=&#8221;bottom_right&#8221; horizontal_offset=&#8221;0px&#8221; horizontal_offset_tablet=&#8221;-40%&#8221; horizontal_offset_phone=&#8221;-50%&#8221; horizontal_offset_last_edited=&#8221;on|phone&#8221; custom_margin=&#8221;|10%|5%||false|false&#8221; custom_margin_tablet=&#8221;|50%|||false|false&#8221; custom_margin_phone=&#8221;|55%|||false|false&#8221; custom_margin_last_edited=&#8221;on|phone&#8221; global_colors_info=&#8221;{}&#8221;][\/et_pb_button][\/et_pb_column][\/et_pb_row][\/et_pb_section]<\/p>\n","protected":false},"excerpt":{"rendered":"<p>Dla Inwestor\u00f3w Indywidualnych (Klienci buduj\u0105cy domy): U nas dowiesz si\u0119, co zrobi\u0107, aby skr\u00f3ci\u0107 czas budowy, a budowa domu przebieg\u0142a sprawnie i terminowo Zapoznasz si\u0119 ze wszystkimi instalacjami, kt\u00f3re mog\u0105 by\u0107 w Twoim domu Poznasz pe\u0142en wachlarz mo\u017cliwo\u015bci \u0142\u0105cznie z wycenami, aby\u015b m\u00f3g\u0142 dopasowa\u0107 je do siebie Dostaniesz rzeteln\u0105 i przydatn\u0105 wiedz\u0119 Uzyskasz konkretne odpowiedzi [&hellip;]<\/p>\n","protected":false},"author":1,"featured_media":0,"parent":0,"menu_order":0,"comment_status":"closed","ping_status":"closed","template":"","meta":{"_et_pb_use_builder":"on","_et_pb_old_content":"","_et_gb_content_width":"","footnotes":""},"_links":{"self":[{"href":"https:\/\/ipbud.pl\/index.php?rest_route=\/wp\/v2\/pages\/181"}],"collection":[{"href":"https:\/\/ipbud.pl\/index.php?rest_route=\/wp\/v2\/pages"}],"about":[{"href":"https:\/\/ipbud.pl\/index.php?rest_route=\/wp\/v2\/types\/page"}],"author":[{"embeddable":true,"href":"https:\/\/ipbud.pl\/index.php?rest_route=\/wp\/v2\/users\/1"}],"replies":[{"embeddable":true,"href":"https:\/\/ipbud.pl\/index.php?rest_route=%2Fwp%2Fv2%2Fcomments&post=181"}],"version-history":[{"count":24,"href":"https:\/\/ipbud.pl\/index.php?rest_route=\/wp\/v2\/pages\/181\/revisions"}],"predecessor-version":[{"id":3519,"href":"https:\/\/ipbud.pl\/index.php?rest_route=\/wp\/v2\/pages\/181\/revisions\/3519"}],"wp:attachment":[{"href":"https:\/\/ipbud.pl\/index.php?rest_route=%2Fwp%2Fv2%2Fmedia&parent=181"}],"curies":[{"name":"wp","href":"https:\/\/api.w.org\/{rel}","templated":true}]}}