{"id":1584,"date":"2022-12-29T21:20:30","date_gmt":"2022-12-29T21:20:30","guid":{"rendered":"https:\/\/ipbud.pl\/?page_id=1584"},"modified":"2023-09-08T13:03:20","modified_gmt":"2023-09-08T13:03:20","slug":"centralne-ogrzewania","status":"publish","type":"page","link":"https:\/\/ipbud.pl\/?page_id=1584","title":{"rendered":"centralne ogrzewania"},"content":{"rendered":"<p>[et_pb_section fb_built=&#8221;1&#8243; fullwidth=&#8221;on&#8221; _builder_version=&#8221;4.17.4&#8243; _module_preset=&#8221;default&#8221; background_color=&#8221;#2ea3f2&#8243; use_background_color_gradient=&#8221;on&#8221; background_color_gradient_direction=&#8221;330deg&#8221; background_color_gradient_stops=&#8221;#ee3954 0%|#fdde67 99%&#8221; background_color_gradient_start=&#8221;#2ea3f2&#8243; background_color_gradient_end=&#8221;#2e6df4&#8243; global_colors_info=&#8221;{}&#8221;][et_pb_fullwidth_header title=&#8221;C.O.&#8221; content_max_width=&#8221;none&#8221; _builder_version=&#8221;4.19.4&#8243; _module_preset=&#8221;default&#8221; title_font=&#8221;|||on|||||&#8221; title_font_size=&#8221;40px&#8221; subhead_font_size=&#8221;20px&#8221; background_color=&#8221;rgba(255, 255, 255, 0)&#8221; custom_padding=&#8221;29px||23px|||&#8221; custom_padding_tablet=&#8221;20px||18px||false|false&#8221; custom_padding_phone=&#8221;10px||8px||false|false&#8221; custom_padding_last_edited=&#8221;on|tablet&#8221; title_font_size_tablet=&#8221;36px&#8221; title_font_size_phone=&#8221;34px&#8221; title_font_size_last_edited=&#8221;on|tablet&#8221; subhead_font_size_tablet=&#8221;18px&#8221; subhead_font_size_phone=&#8221;16px&#8221; subhead_font_size_last_edited=&#8221;on|tablet&#8221; global_colors_info=&#8221;{}&#8221; button_one_text_size__hover_enabled=&#8221;off&#8221; button_two_text_size__hover_enabled=&#8221;off&#8221; button_one_text_color__hover_enabled=&#8221;off&#8221; button_two_text_color__hover_enabled=&#8221;off&#8221; button_one_border_width__hover_enabled=&#8221;off&#8221; button_two_border_width__hover_enabled=&#8221;off&#8221; button_one_border_color__hover_enabled=&#8221;off&#8221; button_two_border_color__hover_enabled=&#8221;off&#8221; button_one_border_radius__hover_enabled=&#8221;off&#8221; button_two_border_radius__hover_enabled=&#8221;off&#8221; button_one_letter_spacing__hover_enabled=&#8221;off&#8221; button_two_letter_spacing__hover_enabled=&#8221;off&#8221; button_one_bg_color__hover_enabled=&#8221;off&#8221; button_two_bg_color__hover_enabled=&#8221;off&#8221;][\/et_pb_fullwidth_header][\/et_pb_section][et_pb_section fb_built=&#8221;1&#8243; _builder_version=&#8221;4.19.4&#8243; _module_preset=&#8221;default&#8221; background_color=&#8221;#FFFBEB&#8221; min_height=&#8221;70vh&#8221; custom_padding=&#8221;10vh||10vh||true|false&#8221; global_colors_info=&#8221;{}&#8221;][et_pb_row _builder_version=&#8221;4.17.4&#8243; _module_preset=&#8221;default&#8221; custom_padding=&#8221;2%|3%|2%|3%|true|true&#8221; border_radii=&#8221;on|20px|20px|20px|20px&#8221; box_shadow_style=&#8221;preset1&#8243; global_colors_info=&#8221;{}&#8221;][et_pb_column type=&#8221;4_4&#8243; _builder_version=&#8221;4.17.4&#8243; _module_preset=&#8221;default&#8221; global_colors_info=&#8221;{}&#8221;][et_pb_text _builder_version=&#8221;4.19.4&#8243; _module_preset=&#8221;default&#8221; global_colors_info=&#8221;{}&#8221;]<\/p>\n<p>Centralne ogrzewania tradycyjne, jak i pod\u0142ogowe, dostosowane czy to do pompy ciep\u0142a, czy te\u017c pieca gazowego.<\/p>\n<p>Ogrzewanie pod\u0142ogowe: Robocizna 24 000 z\u0142 plus materia\u0142 30 000 z\u0142 = 54 000 z\u0142 netto<\/p>\n<p>[\/et_pb_text][\/et_pb_column][\/et_pb_row][et_pb_row _builder_version=&#8221;4.17.4&#8243; _module_preset=&#8221;default&#8221; global_colors_info=&#8221;{}&#8221;][et_pb_column type=&#8221;4_4&#8243; _builder_version=&#8221;4.17.4&#8243; _module_preset=&#8221;default&#8221; global_colors_info=&#8221;{}&#8221;][et_pb_gallery gallery_ids=&#8221;2821,2822,2823,2824,2825,2826,2827,2828,2829,2830,2831,2832,2833&#8243; posts_number=&#8221;100&#8243; show_title_and_caption=&#8221;off&#8221; show_pagination=&#8221;off&#8221; zoom_icon_color=&#8221;#f37141&#8243; hover_overlay_color=&#8221;rgba(40,40,40,0.6)&#8221; _builder_version=&#8221;4.22.0&#8243; _module_preset=&#8221;default&#8221; hover_enabled=&#8221;0&#8243; border_radii_image=&#8221;on|20px|20px|20px|20px&#8221; box_shadow_style_image=&#8221;preset1&#8243; global_colors_info=&#8221;{}&#8221; gallery_orderby=&#8221;rand&#8221; sticky_enabled=&#8221;0&#8243;][\/et_pb_gallery][\/et_pb_column][\/et_pb_row][\/et_pb_section]<\/p>\n","protected":false},"excerpt":{"rendered":"<p>Centralne ogrzewania tradycyjne, jak i pod\u0142ogowe, dostosowane czy to do pompy ciep\u0142a, czy te\u017c pieca gazowego. Ogrzewanie pod\u0142ogowe: Robocizna 24 000 z\u0142 plus materia\u0142 30 000 z\u0142 = 54 000 z\u0142 netto<\/p>\n","protected":false},"author":1,"featured_media":0,"parent":0,"menu_order":0,"comment_status":"closed","ping_status":"closed","template":"","meta":{"_et_pb_use_builder":"on","_et_pb_old_content":"","_et_gb_content_width":"","footnotes":""},"_links":{"self":[{"href":"https:\/\/ipbud.pl\/index.php?rest_route=\/wp\/v2\/pages\/1584"}],"collection":[{"href":"https:\/\/ipbud.pl\/index.php?rest_route=\/wp\/v2\/pages"}],"about":[{"href":"https:\/\/ipbud.pl\/index.php?rest_route=\/wp\/v2\/types\/page"}],"author":[{"embeddable":true,"href":"https:\/\/ipbud.pl\/index.php?rest_route=\/wp\/v2\/users\/1"}],"replies":[{"embeddable":true,"href":"https:\/\/ipbud.pl\/index.php?rest_route=%2Fwp%2Fv2%2Fcomments&post=1584"}],"version-history":[{"count":7,"href":"https:\/\/ipbud.pl\/index.php?rest_route=\/wp\/v2\/pages\/1584\/revisions"}],"predecessor-version":[{"id":3514,"href":"https:\/\/ipbud.pl\/index.php?rest_route=\/wp\/v2\/pages\/1584\/revisions\/3514"}],"wp:attachment":[{"href":"https:\/\/ipbud.pl\/index.php?rest_route=%2Fwp%2Fv2%2Fmedia&parent=1584"}],"curies":[{"name":"wp","href":"https:\/\/api.w.org\/{rel}","templated":true}]}}